{"id":650,"date":"2025-02-28T00:17:25","date_gmt":"2025-02-27T23:17:25","guid":{"rendered":"https:\/\/tienda.teideformacion.com\/?post_type=product&#038;p=650"},"modified":"2025-03-05T19:22:33","modified_gmt":"2025-03-05T18:22:33","slug":"reserva-de-plaza","status":"publish","type":"product","link":"https:\/\/tienda.teideformacion.com\/index.php\/producto\/reserva-de-plaza\/","title":{"rendered":"Reserva de Plaza"},"content":{"rendered":"","protected":false},"excerpt":{"rendered":"<p>Selecciona el Ciclo Formativo para que el deseas realizar la reserva de plaza y pulsa en el bot\u00f3n <strong><em>A\u00f1adir al carrito<\/em><\/strong><\/p>\n<p>El importe de la reserva es de <strong>150\u20ac<\/strong> en todos nuestros ciclos. Se a\u00f1adir\u00e1 al carrito este importe.<\/p>\n","protected":false},"featured_media":678,"template":"","meta":[],"product_brand":[],"product_cat":[17,16],"product_tag":[],"class_list":{"0":"post-650","1":"product","2":"type-product","3":"status-publish","4":"has-post-thumbnail","6":"product_cat-fp-online","7":"product_cat-grado-superior","9":"first","10":"instock","11":"sold-individually","12":"shipping-taxable","13":"purchasable","14":"product-type-variable"},"yoast_head":"<!-- This site is optimized with the Yoast SEO plugin v22.6 - https:\/\/yoast.com\/wordpress\/plugins\/seo\/ -->\n<title>Reserva de Plaza - TEIDE-HEASE. Centros de Formaci\u00f3n<\/title>\n<meta name=\"robots\" content=\"index, follow, max-snippet:-1, max-image-preview:large, max-video-preview:-1\" \/>\n<link rel=\"canonical\" href=\"https:\/\/tienda.teideformacion.com\/index.php\/producto\/reserva-de-plaza\/\" \/>\n<meta property=\"og:locale\" content=\"es_ES\" \/>\n<meta property=\"og:type\" content=\"article\" \/>\n<meta property=\"og:title\" content=\"Reserva de Plaza - TEIDE-HEASE. Centros de Formaci\u00f3n\" \/>\n<meta property=\"og:description\" content=\"Selecciona el Ciclo Formativo para que el deseas realizar la reserva de plaza y pulsa en el bot\u00f3n A\u00f1adir al carrito  El importe de la reserva es de 150\u20ac en todos nuestros ciclos. Se a\u00f1adir\u00e1 al carrito este importe.\" \/>\n<meta property=\"og:url\" content=\"https:\/\/tienda.teideformacion.com\/index.php\/producto\/reserva-de-plaza\/\" \/>\n<meta property=\"og:site_name\" content=\"TEIDE-HEASE. Centros de Formaci\u00f3n\" \/>\n<meta property=\"article:modified_time\" content=\"2025-03-05T18:22:33+00:00\" \/>\n<meta property=\"og:image\" content=\"https:\/\/tienda.teideformacion.com\/wp-content\/uploads\/2025\/02\/reserva2.jpg\" \/>\n\t<meta property=\"og:image:width\" content=\"1280\" \/>\n\t<meta property=\"og:image:height\" content=\"720\" \/>\n\t<meta property=\"og:image:type\" content=\"image\/jpeg\" \/>\n<meta name=\"twitter:card\" content=\"summary_large_image\" \/>\n<meta name=\"twitter:label1\" content=\"Tiempo de lectura\" \/>\n\t<meta name=\"twitter:data1\" content=\"1 minuto\" \/>\n<script type=\"application\/ld+json\" class=\"yoast-schema-graph\">{\"@context\":\"https:\/\/schema.org\",\"@graph\":[{\"@type\":\"WebPage\",\"@id\":\"https:\/\/tienda.teideformacion.com\/index.php\/producto\/reserva-de-plaza\/\",\"url\":\"https:\/\/tienda.teideformacion.com\/index.php\/producto\/reserva-de-plaza\/\",\"name\":\"Reserva de Plaza - TEIDE-HEASE. Centros de Formaci\u00f3n\",\"isPartOf\":{\"@id\":\"https:\/\/tienda.teideformacion.com\/#website\"},\"primaryImageOfPage\":{\"@id\":\"https:\/\/tienda.teideformacion.com\/index.php\/producto\/reserva-de-plaza\/#primaryimage\"},\"image\":{\"@id\":\"https:\/\/tienda.teideformacion.com\/index.php\/producto\/reserva-de-plaza\/#primaryimage\"},\"thumbnailUrl\":\"https:\/\/tienda.teideformacion.com\/wp-content\/uploads\/2025\/02\/reserva2.jpg\",\"datePublished\":\"2025-02-27T23:17:25+00:00\",\"dateModified\":\"2025-03-05T18:22:33+00:00\",\"breadcrumb\":{\"@id\":\"https:\/\/tienda.teideformacion.com\/index.php\/producto\/reserva-de-plaza\/#breadcrumb\"},\"inLanguage\":\"es\",\"potentialAction\":[{\"@type\":\"ReadAction\",\"target\":[\"https:\/\/tienda.teideformacion.com\/index.php\/producto\/reserva-de-plaza\/\"]}]},{\"@type\":\"ImageObject\",\"inLanguage\":\"es\",\"@id\":\"https:\/\/tienda.teideformacion.com\/index.php\/producto\/reserva-de-plaza\/#primaryimage\",\"url\":\"https:\/\/tienda.teideformacion.com\/wp-content\/uploads\/2025\/02\/reserva2.jpg\",\"contentUrl\":\"https:\/\/tienda.teideformacion.com\/wp-content\/uploads\/2025\/02\/reserva2.jpg\",\"width\":1280,\"height\":720,\"caption\":\"Reserva de Plaza\"},{\"@type\":\"BreadcrumbList\",\"@id\":\"https:\/\/tienda.teideformacion.com\/index.php\/producto\/reserva-de-plaza\/#breadcrumb\",\"itemListElement\":[{\"@type\":\"ListItem\",\"position\":1,\"name\":\"Portada\",\"item\":\"https:\/\/tienda.teideformacion.com\/\"},{\"@type\":\"ListItem\",\"position\":2,\"name\":\"Productos\",\"item\":\"https:\/\/tienda.teideformacion.com\/index.php\/tienda\/\"},{\"@type\":\"ListItem\",\"position\":3,\"name\":\"Reserva de Plaza\"}]},{\"@type\":\"WebSite\",\"@id\":\"https:\/\/tienda.teideformacion.com\/#website\",\"url\":\"https:\/\/tienda.teideformacion.com\/\",\"name\":\"TEIDE-HEASE. Centros de Formaci\u00f3n\",\"description\":\"TEIDE\",\"potentialAction\":[{\"@type\":\"SearchAction\",\"target\":{\"@type\":\"EntryPoint\",\"urlTemplate\":\"https:\/\/tienda.teideformacion.com\/?s={search_term_string}\"},\"query-input\":\"required name=search_term_string\"}],\"inLanguage\":\"es\"}]}<\/script>\n<!-- \/ Yoast SEO plugin. -->","yoast_head_json":{"title":"Reserva de Plaza - TEIDE-HEASE. Centros de Formaci\u00f3n","robots":{"index":"index","follow":"follow","max-snippet":"max-snippet:-1","max-image-preview":"max-image-preview:large","max-video-preview":"max-video-preview:-1"},"canonical":"https:\/\/tienda.teideformacion.com\/index.php\/producto\/reserva-de-plaza\/","og_locale":"es_ES","og_type":"article","og_title":"Reserva de Plaza - TEIDE-HEASE. Centros de Formaci\u00f3n","og_description":"Selecciona el Ciclo Formativo para que el deseas realizar la reserva de plaza y pulsa en el bot\u00f3n A\u00f1adir al carrito  El importe de la reserva es de 150\u20ac en todos nuestros ciclos. Se a\u00f1adir\u00e1 al carrito este importe.","og_url":"https:\/\/tienda.teideformacion.com\/index.php\/producto\/reserva-de-plaza\/","og_site_name":"TEIDE-HEASE. Centros de Formaci\u00f3n","article_modified_time":"2025-03-05T18:22:33+00:00","og_image":[{"width":1280,"height":720,"url":"https:\/\/tienda.teideformacion.com\/wp-content\/uploads\/2025\/02\/reserva2.jpg","type":"image\/jpeg"}],"twitter_card":"summary_large_image","twitter_misc":{"Tiempo de lectura":"1 minuto"},"schema":{"@context":"https:\/\/schema.org","@graph":[{"@type":"WebPage","@id":"https:\/\/tienda.teideformacion.com\/index.php\/producto\/reserva-de-plaza\/","url":"https:\/\/tienda.teideformacion.com\/index.php\/producto\/reserva-de-plaza\/","name":"Reserva de Plaza - TEIDE-HEASE. Centros de Formaci\u00f3n","isPartOf":{"@id":"https:\/\/tienda.teideformacion.com\/#website"},"primaryImageOfPage":{"@id":"https:\/\/tienda.teideformacion.com\/index.php\/producto\/reserva-de-plaza\/#primaryimage"},"image":{"@id":"https:\/\/tienda.teideformacion.com\/index.php\/producto\/reserva-de-plaza\/#primaryimage"},"thumbnailUrl":"https:\/\/tienda.teideformacion.com\/wp-content\/uploads\/2025\/02\/reserva2.jpg","datePublished":"2025-02-27T23:17:25+00:00","dateModified":"2025-03-05T18:22:33+00:00","breadcrumb":{"@id":"https:\/\/tienda.teideformacion.com\/index.php\/producto\/reserva-de-plaza\/#breadcrumb"},"inLanguage":"es","potentialAction":[{"@type":"ReadAction","target":["https:\/\/tienda.teideformacion.com\/index.php\/producto\/reserva-de-plaza\/"]}]},{"@type":"ImageObject","inLanguage":"es","@id":"https:\/\/tienda.teideformacion.com\/index.php\/producto\/reserva-de-plaza\/#primaryimage","url":"https:\/\/tienda.teideformacion.com\/wp-content\/uploads\/2025\/02\/reserva2.jpg","contentUrl":"https:\/\/tienda.teideformacion.com\/wp-content\/uploads\/2025\/02\/reserva2.jpg","width":1280,"height":720,"caption":"Reserva de Plaza"},{"@type":"BreadcrumbList","@id":"https:\/\/tienda.teideformacion.com\/index.php\/producto\/reserva-de-plaza\/#breadcrumb","itemListElement":[{"@type":"ListItem","position":1,"name":"Portada","item":"https:\/\/tienda.teideformacion.com\/"},{"@type":"ListItem","position":2,"name":"Productos","item":"https:\/\/tienda.teideformacion.com\/index.php\/tienda\/"},{"@type":"ListItem","position":3,"name":"Reserva de Plaza"}]},{"@type":"WebSite","@id":"https:\/\/tienda.teideformacion.com\/#website","url":"https:\/\/tienda.teideformacion.com\/","name":"TEIDE-HEASE. Centros de Formaci\u00f3n","description":"TEIDE","potentialAction":[{"@type":"SearchAction","target":{"@type":"EntryPoint","urlTemplate":"https:\/\/tienda.teideformacion.com\/?s={search_term_string}"},"query-input":"required name=search_term_string"}],"inLanguage":"es"}]}},"_links":{"self":[{"href":"https:\/\/tienda.teideformacion.com\/index.php\/wp-json\/wp\/v2\/product\/650","targetHints":{"allow":["GET"]}}],"collection":[{"href":"https:\/\/tienda.teideformacion.com\/index.php\/wp-json\/wp\/v2\/product"}],"about":[{"href":"https:\/\/tienda.teideformacion.com\/index.php\/wp-json\/wp\/v2\/types\/product"}],"wp:featuredmedia":[{"embeddable":true,"href":"https:\/\/tienda.teideformacion.com\/index.php\/wp-json\/wp\/v2\/media\/678"}],"wp:attachment":[{"href":"https:\/\/tienda.teideformacion.com\/index.php\/wp-json\/wp\/v2\/media?parent=650"}],"wp:term":[{"taxonomy":"product_brand","embeddable":true,"href":"https:\/\/tienda.teideformacion.com\/index.php\/wp-json\/wp\/v2\/product_brand?post=650"},{"taxonomy":"product_cat","embeddable":true,"href":"https:\/\/tienda.teideformacion.com\/index.php\/wp-json\/wp\/v2\/product_cat?post=650"},{"taxonomy":"product_tag","embeddable":true,"href":"https:\/\/tienda.teideformacion.com\/index.php\/wp-json\/wp\/v2\/product_tag?post=650"}],"curies":[{"name":"wp","href":"https:\/\/api.w.org\/{rel}","templated":true}]}}