{"id":100,"date":"2024-04-27T09:22:25","date_gmt":"2024-04-27T09:22:25","guid":{"rendered":"https:\/\/tienda.teideformacion.com\/?post_type=product&#038;p=100"},"modified":"2026-02-15T21:56:10","modified_gmt":"2026-02-15T20:56:10","slug":"integracion-social","status":"publish","type":"product","link":"https:\/\/tienda.teideformacion.com\/index.php\/producto\/integracion-social\/","title":{"rendered":"Integraci\u00f3n Social"},"content":{"rendered":"<div class=\"containerPrecios\">\n<p><strong><span style=\"font-size: 19px; color: #5e832a;\">Precios y formas de pago<\/span><\/strong><\/p>\n<div>\n<table class=\"precios\">\n<tbody>\n<tr>\n<td><strong>Docencia<\/strong><\/td>\n<td class=\"highlightPrecios\">2.100\u20ac<\/td>\n<td colspan=\"2\"><strong>Reserva de plaza <span class=\"highlightPrecios\">150\u20ac<\/span><\/strong><\/td>\n<\/tr>\n<tr>\n<td style=\"background: #5E832A; color: white; text-align: center;\" colspan=\"4\"><strong>Precio especial de salida<\/strong><\/td>\n<\/tr>\n<tr>\n<td class=\"highlightPrecios\" colspan=\"2\">Descuento sobre Docencia<\/td>\n<td class=\"highlightPrecios\" colspan=\"2\">1.750,00\u20ac<\/td>\n<\/tr>\n<tr>\n<td style=\"background: #5E832A; color: white; text-align: center;\" colspan=\"4\"><strong>Formas de pago<\/strong><\/td>\n<\/tr>\n<tr>\n<td colspan=\"2\"><strong>Pago Aplazado Docencia <\/strong><span class=\"break-linePrecios\">(10 plazos)<\/span><\/td>\n<td class=\"highlightPrecios\" colspan=\"2\">175,00\u20ac \/mes<\/td>\n<\/tr>\n<tr>\n<td colspan=\"2\"><strong>Pago \u00danico Docencia <\/strong><span class=\"break-linePrecios\">(-5% adicional)<\/span><\/td>\n<td class=\"highlightPrecios\" colspan=\"2\">1.662,5\u20ac<\/td>\n<\/tr>\n<tr>\n<td colspan=\"2\"><strong>Ciclo completo (1\u00ba y 2\u00ba) <\/strong><span class=\"break-linePrecios\">(-10% adicional)<\/span><\/td>\n<td class=\"highlightPrecios\" colspan=\"2\">3.150\u20ac<\/td>\n<\/tr>\n<tr>\n<td style=\"border: none;\" colspan=\"4\"><span style=\"font-size: xx-small;\">(Ante cualquier error tipogr\u00e1fico o de actualizaci\u00f3n de precios, prevalecer\u00e1 la informaci\u00f3n ofrecida por el Centro)<\/span><\/td>\n<\/tr>\n<\/tbody>\n<\/table>\n<\/div>\n<\/div>\n","protected":false},"excerpt":{"rendered":"<p>Podr\u00e1s matricularte del ciclo completo o de un curso entero (primero o segundo) tanto en modalidad de pago \u00fanico o 10 pagos (realizando ahora el primero de ellos).<\/p>\n<p>Para poder matricularte en este curso, es <strong>imprescindible<\/strong> que hayas hecho previamente la <strong>reserva de plaza<\/strong>. Indica el n\u00famero de pedido que te llegar\u00e1 tras realizar la reserva de plaza.<\/p>\n","protected":false},"featured_media":145,"template":"","meta":[],"product_brand":[],"product_cat":[17,16],"product_tag":[],"class_list":{"0":"post-100","1":"product","2":"type-product","3":"status-publish","4":"has-post-thumbnail","6":"product_cat-fp-online","7":"product_cat-grado-superior","9":"first","10":"instock","11":"sale","12":"sold-individually","13":"shipping-taxable","14":"purchasable","15":"product-type-variable"},"yoast_head":"<!-- This site is optimized with the Yoast SEO plugin v22.6 - https:\/\/yoast.com\/wordpress\/plugins\/seo\/ -->\n<title>Integraci\u00f3n Social - TEIDE-HEASE. Centros de Formaci\u00f3n<\/title>\n<meta name=\"robots\" content=\"index, follow, max-snippet:-1, max-image-preview:large, max-video-preview:-1\" \/>\n<link rel=\"canonical\" href=\"https:\/\/tienda.teideformacion.com\/index.php\/producto\/integracion-social\/\" \/>\n<meta property=\"og:locale\" content=\"es_ES\" \/>\n<meta property=\"og:type\" content=\"article\" \/>\n<meta property=\"og:title\" content=\"Integraci\u00f3n Social - TEIDE-HEASE. Centros de Formaci\u00f3n\" \/>\n<meta property=\"og:description\" content=\"Podr\u00e1s matricularte del ciclo completo o de un curso entero (primero o segundo) tanto en modalidad de pago \u00fanico o 10 pagos (realizando ahora el primero de ellos).  Para poder matricularte en este curso, es imprescindible que hayas hecho previamente la reserva de plaza. Indica el n\u00famero de pedido que te llegar\u00e1 tras realizar la reserva de plaza.\" \/>\n<meta property=\"og:url\" content=\"https:\/\/tienda.teideformacion.com\/index.php\/producto\/integracion-social\/\" \/>\n<meta property=\"og:site_name\" content=\"TEIDE-HEASE. Centros de Formaci\u00f3n\" \/>\n<meta property=\"article:modified_time\" content=\"2026-02-15T20:56:10+00:00\" \/>\n<meta property=\"og:image\" content=\"https:\/\/tienda.teideformacion.com\/wp-content\/uploads\/2024\/04\/integracion.jpg\" \/>\n\t<meta property=\"og:image:width\" content=\"1280\" \/>\n\t<meta property=\"og:image:height\" content=\"720\" \/>\n\t<meta property=\"og:image:type\" content=\"image\/jpeg\" \/>\n<meta name=\"twitter:card\" content=\"summary_large_image\" \/>\n<meta name=\"twitter:label1\" content=\"Tiempo de lectura\" \/>\n\t<meta name=\"twitter:data1\" content=\"1 minuto\" \/>\n<script type=\"application\/ld+json\" class=\"yoast-schema-graph\">{\"@context\":\"https:\/\/schema.org\",\"@graph\":[{\"@type\":\"WebPage\",\"@id\":\"https:\/\/tienda.teideformacion.com\/index.php\/producto\/integracion-social\/\",\"url\":\"https:\/\/tienda.teideformacion.com\/index.php\/producto\/integracion-social\/\",\"name\":\"Integraci\u00f3n Social - TEIDE-HEASE. Centros de Formaci\u00f3n\",\"isPartOf\":{\"@id\":\"https:\/\/tienda.teideformacion.com\/#website\"},\"primaryImageOfPage\":{\"@id\":\"https:\/\/tienda.teideformacion.com\/index.php\/producto\/integracion-social\/#primaryimage\"},\"image\":{\"@id\":\"https:\/\/tienda.teideformacion.com\/index.php\/producto\/integracion-social\/#primaryimage\"},\"thumbnailUrl\":\"https:\/\/tienda.teideformacion.com\/wp-content\/uploads\/2024\/04\/integracion.jpg\",\"datePublished\":\"2024-04-27T09:22:25+00:00\",\"dateModified\":\"2026-02-15T20:56:10+00:00\",\"breadcrumb\":{\"@id\":\"https:\/\/tienda.teideformacion.com\/index.php\/producto\/integracion-social\/#breadcrumb\"},\"inLanguage\":\"es\",\"potentialAction\":[{\"@type\":\"ReadAction\",\"target\":[\"https:\/\/tienda.teideformacion.com\/index.php\/producto\/integracion-social\/\"]}]},{\"@type\":\"ImageObject\",\"inLanguage\":\"es\",\"@id\":\"https:\/\/tienda.teideformacion.com\/index.php\/producto\/integracion-social\/#primaryimage\",\"url\":\"https:\/\/tienda.teideformacion.com\/wp-content\/uploads\/2024\/04\/integracion.jpg\",\"contentUrl\":\"https:\/\/tienda.teideformacion.com\/wp-content\/uploads\/2024\/04\/integracion.jpg\",\"width\":1280,\"height\":720,\"caption\":\"Integraci\u00f3n Social\"},{\"@type\":\"BreadcrumbList\",\"@id\":\"https:\/\/tienda.teideformacion.com\/index.php\/producto\/integracion-social\/#breadcrumb\",\"itemListElement\":[{\"@type\":\"ListItem\",\"position\":1,\"name\":\"Portada\",\"item\":\"https:\/\/tienda.teideformacion.com\/\"},{\"@type\":\"ListItem\",\"position\":2,\"name\":\"Productos\",\"item\":\"https:\/\/tienda.teideformacion.com\/index.php\/tienda\/\"},{\"@type\":\"ListItem\",\"position\":3,\"name\":\"Integraci\u00f3n Social\"}]},{\"@type\":\"WebSite\",\"@id\":\"https:\/\/tienda.teideformacion.com\/#website\",\"url\":\"https:\/\/tienda.teideformacion.com\/\",\"name\":\"TEIDE-HEASE. Centros de Formaci\u00f3n\",\"description\":\"TEIDE\",\"potentialAction\":[{\"@type\":\"SearchAction\",\"target\":{\"@type\":\"EntryPoint\",\"urlTemplate\":\"https:\/\/tienda.teideformacion.com\/?s={search_term_string}\"},\"query-input\":\"required name=search_term_string\"}],\"inLanguage\":\"es\"}]}<\/script>\n<!-- \/ Yoast SEO plugin. -->","yoast_head_json":{"title":"Integraci\u00f3n Social - TEIDE-HEASE. Centros de Formaci\u00f3n","robots":{"index":"index","follow":"follow","max-snippet":"max-snippet:-1","max-image-preview":"max-image-preview:large","max-video-preview":"max-video-preview:-1"},"canonical":"https:\/\/tienda.teideformacion.com\/index.php\/producto\/integracion-social\/","og_locale":"es_ES","og_type":"article","og_title":"Integraci\u00f3n Social - TEIDE-HEASE. Centros de Formaci\u00f3n","og_description":"Podr\u00e1s matricularte del ciclo completo o de un curso entero (primero o segundo) tanto en modalidad de pago \u00fanico o 10 pagos (realizando ahora el primero de ellos).  Para poder matricularte en este curso, es imprescindible que hayas hecho previamente la reserva de plaza. Indica el n\u00famero de pedido que te llegar\u00e1 tras realizar la reserva de plaza.","og_url":"https:\/\/tienda.teideformacion.com\/index.php\/producto\/integracion-social\/","og_site_name":"TEIDE-HEASE. Centros de Formaci\u00f3n","article_modified_time":"2026-02-15T20:56:10+00:00","og_image":[{"width":1280,"height":720,"url":"https:\/\/tienda.teideformacion.com\/wp-content\/uploads\/2024\/04\/integracion.jpg","type":"image\/jpeg"}],"twitter_card":"summary_large_image","twitter_misc":{"Tiempo de lectura":"1 minuto"},"schema":{"@context":"https:\/\/schema.org","@graph":[{"@type":"WebPage","@id":"https:\/\/tienda.teideformacion.com\/index.php\/producto\/integracion-social\/","url":"https:\/\/tienda.teideformacion.com\/index.php\/producto\/integracion-social\/","name":"Integraci\u00f3n Social - TEIDE-HEASE. Centros de Formaci\u00f3n","isPartOf":{"@id":"https:\/\/tienda.teideformacion.com\/#website"},"primaryImageOfPage":{"@id":"https:\/\/tienda.teideformacion.com\/index.php\/producto\/integracion-social\/#primaryimage"},"image":{"@id":"https:\/\/tienda.teideformacion.com\/index.php\/producto\/integracion-social\/#primaryimage"},"thumbnailUrl":"https:\/\/tienda.teideformacion.com\/wp-content\/uploads\/2024\/04\/integracion.jpg","datePublished":"2024-04-27T09:22:25+00:00","dateModified":"2026-02-15T20:56:10+00:00","breadcrumb":{"@id":"https:\/\/tienda.teideformacion.com\/index.php\/producto\/integracion-social\/#breadcrumb"},"inLanguage":"es","potentialAction":[{"@type":"ReadAction","target":["https:\/\/tienda.teideformacion.com\/index.php\/producto\/integracion-social\/"]}]},{"@type":"ImageObject","inLanguage":"es","@id":"https:\/\/tienda.teideformacion.com\/index.php\/producto\/integracion-social\/#primaryimage","url":"https:\/\/tienda.teideformacion.com\/wp-content\/uploads\/2024\/04\/integracion.jpg","contentUrl":"https:\/\/tienda.teideformacion.com\/wp-content\/uploads\/2024\/04\/integracion.jpg","width":1280,"height":720,"caption":"Integraci\u00f3n Social"},{"@type":"BreadcrumbList","@id":"https:\/\/tienda.teideformacion.com\/index.php\/producto\/integracion-social\/#breadcrumb","itemListElement":[{"@type":"ListItem","position":1,"name":"Portada","item":"https:\/\/tienda.teideformacion.com\/"},{"@type":"ListItem","position":2,"name":"Productos","item":"https:\/\/tienda.teideformacion.com\/index.php\/tienda\/"},{"@type":"ListItem","position":3,"name":"Integraci\u00f3n Social"}]},{"@type":"WebSite","@id":"https:\/\/tienda.teideformacion.com\/#website","url":"https:\/\/tienda.teideformacion.com\/","name":"TEIDE-HEASE. Centros de Formaci\u00f3n","description":"TEIDE","potentialAction":[{"@type":"SearchAction","target":{"@type":"EntryPoint","urlTemplate":"https:\/\/tienda.teideformacion.com\/?s={search_term_string}"},"query-input":"required name=search_term_string"}],"inLanguage":"es"}]}},"_links":{"self":[{"href":"https:\/\/tienda.teideformacion.com\/index.php\/wp-json\/wp\/v2\/product\/100","targetHints":{"allow":["GET"]}}],"collection":[{"href":"https:\/\/tienda.teideformacion.com\/index.php\/wp-json\/wp\/v2\/product"}],"about":[{"href":"https:\/\/tienda.teideformacion.com\/index.php\/wp-json\/wp\/v2\/types\/product"}],"wp:featuredmedia":[{"embeddable":true,"href":"https:\/\/tienda.teideformacion.com\/index.php\/wp-json\/wp\/v2\/media\/145"}],"wp:attachment":[{"href":"https:\/\/tienda.teideformacion.com\/index.php\/wp-json\/wp\/v2\/media?parent=100"}],"wp:term":[{"taxonomy":"product_brand","embeddable":true,"href":"https:\/\/tienda.teideformacion.com\/index.php\/wp-json\/wp\/v2\/product_brand?post=100"},{"taxonomy":"product_cat","embeddable":true,"href":"https:\/\/tienda.teideformacion.com\/index.php\/wp-json\/wp\/v2\/product_cat?post=100"},{"taxonomy":"product_tag","embeddable":true,"href":"https:\/\/tienda.teideformacion.com\/index.php\/wp-json\/wp\/v2\/product_tag?post=100"}],"curies":[{"name":"wp","href":"https:\/\/api.w.org\/{rel}","templated":true}]}}